{"id":100,"date":"2025-04-14T12:27:25","date_gmt":"2025-04-14T10:27:25","guid":{"rendered":"https:\/\/compagniedeviation.com\/?page_id=100"},"modified":"2025-09-01T11:05:06","modified_gmt":"2025-09-01T09:05:06","slug":"le-souffle-du-grand-fauve","status":"publish","type":"page","link":"https:\/\/compagniedeviation.com\/?page_id=100","title":{"rendered":"LE SOUFFLE DU GRAND FAUVE"},"content":{"rendered":"\n<p><strong>L&rsquo;instrument : un orgue monumental contemporain&nbsp;<\/strong><\/p>\n\n\n\n<figure class=\"wp-block-gallery has-nested-images columns-default is-cropped wp-block-gallery-1 is-layout-flex wp-block-gallery-is-layout-flex\">\n<figure class=\"wp-block-image size-large\"><img loading=\"lazy\" decoding=\"async\" width=\"1024\" height=\"576\" data-id=\"145\" src=\"https:\/\/compagniedeviation.com\/wp-content\/uploads\/2025\/04\/DSC_0297-1-1024x576.jpg\" alt=\"\" class=\"wp-image-145\" srcset=\"https:\/\/compagniedeviation.com\/wp-content\/uploads\/2025\/04\/DSC_0297-1-1024x576.jpg 1024w, https:\/\/compagniedeviation.com\/wp-content\/uploads\/2025\/04\/DSC_0297-1-300x169.jpg 300w, https:\/\/compagniedeviation.com\/wp-content\/uploads\/2025\/04\/DSC_0297-1-768x432.jpg 768w, https:\/\/compagniedeviation.com\/wp-content\/uploads\/2025\/04\/DSC_0297-1-1536x864.jpg 1536w, https:\/\/compagniedeviation.com\/wp-content\/uploads\/2025\/04\/DSC_0297-1-2048x1152.jpg 2048w\" sizes=\"auto, (max-width: 1024px) 100vw, 1024px\" \/><\/figure>\n<\/figure>\n\n\n\n<p>En 2012 , la Ville de Montbard m&rsquo;a fait don de son orgue, qui \u00e9tait install\u00e9 \u00e0 l&rsquo;\u00e9cole de Musique et de Danse de la ville.<\/p>\n\n\n\n<p>Je me suis tr\u00e8s vite passionn\u00e9 pour cet instrument qui est devenu un \u00e9l\u00e9ment incontournable de mes constructions diverses en mati\u00e8re de facture instrumentale.<\/p>\n\n\n\n<p>Je me propulse donc dans la conception<\/p>\n\n\n\n<p>d&rsquo;<strong>un orgue monumental contemporain et \u00ab\u00a0transportable\u00a0\u00bb.<\/strong><\/p>\n\n\n\n<p>Je souhaite pousser le travail au-del\u00e0 des r\u00e8gles de construction classiques afin de susciter la recherche esth\u00e9tique et l&rsquo;exp\u00e9rimentation en facture instrumentale.<\/p>\n\n\n\n<p>Je con\u00e7ois mes cr\u00e9ations dans leur rapport avec le monde musical en g\u00e9n\u00e9ral et ses relations avec d&rsquo;autres disciplines artistiques. Ici, j&rsquo;associe l&rsquo;orgue \u00e0 la voix, \u00e0 la\u00a0percussion&#8230;<\/p>\n\n\n\n<p>Le but \u00e9tant de rendre accessible aux spectateurs cet instrument complexe.<\/p>\n\n\n\n<p>Alain Mignon.<\/p>\n\n\n\n<p><\/p>\n","protected":false},"excerpt":{"rendered":"<p>L&rsquo;instrument : un orgue monumental contemporain&nbsp; En 2012 , la Ville de Montbard m&rsquo;a fait don de son orgue, qui \u00e9tait install\u00e9 \u00e0 l&rsquo;\u00e9cole de Musique et de Danse de la ville. Je me suis tr\u00e8s vite passionn\u00e9 pour cet &hellip; <a href=\"https:\/\/compagniedeviation.com\/?page_id=100\">Continuer la lecture <span class=\"meta-nav\">&rarr;<\/span><\/a><\/p>\n","protected":false},"author":1,"featured_media":0,"parent":0,"menu_order":0,"comment_status":"closed","ping_status":"closed","template":"","meta":{"footnotes":""},"class_list":["post-100","page","type-page","status-publish","hentry"],"_links":{"self":[{"href":"https:\/\/compagniedeviation.com\/index.php?rest_route=\/wp\/v2\/pages\/100","targetHints":{"allow":["GET"]}}],"collection":[{"href":"https:\/\/compagniedeviation.com\/index.php?rest_route=\/wp\/v2\/pages"}],"about":[{"href":"https:\/\/compagniedeviation.com\/index.php?rest_route=\/wp\/v2\/types\/page"}],"author":[{"embeddable":true,"href":"https:\/\/compagniedeviation.com\/index.php?rest_route=\/wp\/v2\/users\/1"}],"replies":[{"embeddable":true,"href":"https:\/\/compagniedeviation.com\/index.php?rest_route=%2Fwp%2Fv2%2Fcomments&post=100"}],"version-history":[{"count":3,"href":"https:\/\/compagniedeviation.com\/index.php?rest_route=\/wp\/v2\/pages\/100\/revisions"}],"predecessor-version":[{"id":297,"href":"https:\/\/compagniedeviation.com\/index.php?rest_route=\/wp\/v2\/pages\/100\/revisions\/297"}],"wp:attachment":[{"href":"https:\/\/compagniedeviation.com\/index.php?rest_route=%2Fwp%2Fv2%2Fmedia&parent=100"}],"curies":[{"name":"wp","href":"https:\/\/api.w.org\/{rel}","templated":true}]}}