{"id":107,"date":"2025-04-14T12:28:47","date_gmt":"2025-04-14T10:28:47","guid":{"rendered":"https:\/\/compagniedeviation.com\/?page_id=107"},"modified":"2025-04-14T12:28:48","modified_gmt":"2025-04-14T10:28:48","slug":"profession-voyageur","status":"publish","type":"page","link":"https:\/\/compagniedeviation.com\/?page_id=107","title":{"rendered":"PROFESSION VOYAGEUR"},"content":{"rendered":"\n<p><strong>L&rsquo;instrument : une&nbsp;valise musicale<\/strong><\/p>\n\n\n\n<div class=\"wp-block-media-text is-stacked-on-mobile\"><figure class=\"wp-block-media-text__media\"><img loading=\"lazy\" decoding=\"async\" width=\"460\" height=\"345\" src=\"https:\/\/compagniedeviation.com\/wp-content\/uploads\/2025\/03\/affiche-profession-voyageur-1.jpeg\" alt=\"\" class=\"wp-image-108 size-full\" srcset=\"https:\/\/compagniedeviation.com\/wp-content\/uploads\/2025\/03\/affiche-profession-voyageur-1.jpeg 460w, https:\/\/compagniedeviation.com\/wp-content\/uploads\/2025\/03\/affiche-profession-voyageur-1-300x225.jpeg 300w\" sizes=\"auto, (max-width: 460px) 100vw, 460px\" \/><\/figure><div class=\"wp-block-media-text__content\">\n<p>Deux personnages beckettiens, aussi ind\u00e9cis que v\u00e9ll\u00e9itaires, nous embarquent \u00e0 hue et \u00e0 dia dans leur odyss\u00e9e grotesque,\u00a0ne s&rsquo;accordant que sur un seul point : la passion conjointe, mais jalouse, qu&rsquo;ils vouent \u00e0 leur \u00e9trange\u00a0<strong>valise musicale.<\/strong><\/p>\n<\/div><\/div>\n\n\n\n<p><\/p>\n","protected":false},"excerpt":{"rendered":"<p>L&rsquo;instrument : une&nbsp;valise musicale Deux personnages beckettiens, aussi ind\u00e9cis que v\u00e9ll\u00e9itaires, nous embarquent \u00e0 hue et \u00e0 dia dans leur odyss\u00e9e grotesque,\u00a0ne s&rsquo;accordant que sur un seul point : la passion conjointe, mais jalouse, qu&rsquo;ils vouent \u00e0 leur \u00e9trange\u00a0valise musicale.<\/p>\n","protected":false},"author":1,"featured_media":0,"parent":0,"menu_order":0,"comment_status":"closed","ping_status":"closed","template":"","meta":{"footnotes":""},"class_list":["post-107","page","type-page","status-publish","hentry"],"_links":{"self":[{"href":"https:\/\/compagniedeviation.com\/index.php?rest_route=\/wp\/v2\/pages\/107","targetHints":{"allow":["GET"]}}],"collection":[{"href":"https:\/\/compagniedeviation.com\/index.php?rest_route=\/wp\/v2\/pages"}],"about":[{"href":"https:\/\/compagniedeviation.com\/index.php?rest_route=\/wp\/v2\/types\/page"}],"author":[{"embeddable":true,"href":"https:\/\/compagniedeviation.com\/index.php?rest_route=\/wp\/v2\/users\/1"}],"replies":[{"embeddable":true,"href":"https:\/\/compagniedeviation.com\/index.php?rest_route=%2Fwp%2Fv2%2Fcomments&post=107"}],"version-history":[{"count":1,"href":"https:\/\/compagniedeviation.com\/index.php?rest_route=\/wp\/v2\/pages\/107\/revisions"}],"predecessor-version":[{"id":109,"href":"https:\/\/compagniedeviation.com\/index.php?rest_route=\/wp\/v2\/pages\/107\/revisions\/109"}],"wp:attachment":[{"href":"https:\/\/compagniedeviation.com\/index.php?rest_route=%2Fwp%2Fv2%2Fmedia&parent=107"}],"curies":[{"name":"wp","href":"https:\/\/api.w.org\/{rel}","templated":true}]}}