{"id":12,"date":"2025-02-12T10:58:12","date_gmt":"2025-02-12T09:58:12","guid":{"rendered":"https:\/\/compagniedeviation.com\/?page_id=12"},"modified":"2026-03-19T14:13:08","modified_gmt":"2026-03-19T13:13:08","slug":"lagenda","status":"publish","type":"page","link":"https:\/\/compagniedeviation.com\/?page_id=12","title":{"rendered":"L&rsquo;agenda"},"content":{"rendered":"\n<div class=\"wp-block-media-text is-stacked-on-mobile\"><figure class=\"wp-block-media-text__media\"><img loading=\"lazy\" decoding=\"async\" width=\"1024\" height=\"683\" src=\"https:\/\/compagniedeviation.com\/wp-content\/uploads\/2026\/03\/La-ou-ca-bat-1024x683.png\" alt=\"\" class=\"wp-image-301 size-full\" srcset=\"https:\/\/compagniedeviation.com\/wp-content\/uploads\/2026\/03\/La-ou-ca-bat-1024x683.png 1024w, https:\/\/compagniedeviation.com\/wp-content\/uploads\/2026\/03\/La-ou-ca-bat-300x200.png 300w, https:\/\/compagniedeviation.com\/wp-content\/uploads\/2026\/03\/La-ou-ca-bat-768x512.png 768w, https:\/\/compagniedeviation.com\/wp-content\/uploads\/2026\/03\/La-ou-ca-bat-450x300.png 450w, https:\/\/compagniedeviation.com\/wp-content\/uploads\/2026\/03\/La-ou-ca-bat.png 1536w\" sizes=\"auto, (max-width: 1024px) 100vw, 1024px\" \/><\/figure><div class=\"wp-block-media-text__content\">\n<p><strong>R\u00e9sidence de cr\u00e9ation<\/strong><br><strong> \u00ab\u00a0L\u00e0 o\u00f9 \u00e7\u00e0 bat\u00a0\u00bb<\/strong><br><strong>aux ponts des abattoirs <\/strong><br><strong>Pr\u00e9mery<\/strong> <strong>(58)<\/strong><br><br><strong>Sortie de r\u00e9sidence : <\/strong><br>Le jeudi 23 avril 2026 \u00e0 18h<br><em><strong>Entr\u00e9e Libre<\/strong><\/em><\/p>\n<\/div><\/div>\n\n\n\n<div class=\"wp-block-media-text is-stacked-on-mobile\"><figure class=\"wp-block-media-text__media\"><img loading=\"lazy\" decoding=\"async\" width=\"512\" height=\"541\" src=\"https:\/\/compagniedeviation.com\/wp-content\/uploads\/2026\/03\/deballage-public.png\" alt=\"\" class=\"wp-image-304 size-full\" srcset=\"https:\/\/compagniedeviation.com\/wp-content\/uploads\/2026\/03\/deballage-public.png 512w, https:\/\/compagniedeviation.com\/wp-content\/uploads\/2026\/03\/deballage-public-284x300.png 284w\" sizes=\"auto, (max-width: 512px) 100vw, 512px\" \/><\/figure><div class=\"wp-block-media-text__content\">\n<p><strong>R\u00e9sidence de cr\u00e9ation <\/strong><br><strong>\u00e0 la Transverse<\/strong> <strong>Corbigny<\/strong> <strong>(58)<\/strong><br><strong>Exposition \/ Concerts \/ Cr\u00e9ations<\/strong><br>\u00ab\u00a0<strong>D\u00e9ballage Public<\/strong>\u00a0\u00bb s&rsquo;ouvre \u00e0 vous pour d\u00e9voiler d&rsquo;\u00e9tranges instruments, des compositions originales autour de sculptures contemporaines. <br><br><strong>Sortie de r\u00e9sidence : <\/strong><br>Le dimanche 14 juin 2026 \u00e0 15h<br><em><strong>Entr\u00e9e Libre<\/strong><\/em><\/p>\n<\/div><\/div>\n\n\n\n<p><strong>Mercredi 27 Mai 2026 15h15 \u00e0 l&rsquo;IME Vauban Guipy (58) <\/strong><br>Restitution du travail d&rsquo;ateliers IME \/ Ecole de Musique de Corbigny <br><strong>Cin\u00e9 &#8211; Concert \u00ab\u00a0Le G\u00e9ant des Glaces\u00a0\u00bb <\/strong><br><em><strong>Entr\u00e9e Libre<\/strong><\/em><\/p>\n\n\n\n<p><strong>Mercredi 10 juin 2026 15h30 \u00e0 La Transverse Corbigny (58)<\/strong><br>Restitution du travail d&rsquo;ateliers IME \/ Ecole de Musique de Corbigny <br><strong>Cin\u00e9 &#8211; Concert \u00ab\u00a0Le G\u00e9ant des Glaces\u00a0\u00bb <\/strong><br><em><strong>Entr\u00e9e Libre<\/strong><\/em><\/p>\n\n\n\n<figure class=\"wp-block-image size-large\"><img loading=\"lazy\" decoding=\"async\" width=\"1024\" height=\"678\" src=\"https:\/\/compagniedeviation.com\/wp-content\/uploads\/2026\/03\/la-ou-ca-bat-2-1024x678.png\" alt=\"\" class=\"wp-image-311\" srcset=\"https:\/\/compagniedeviation.com\/wp-content\/uploads\/2026\/03\/la-ou-ca-bat-2-1024x678.png 1024w, https:\/\/compagniedeviation.com\/wp-content\/uploads\/2026\/03\/la-ou-ca-bat-2-300x199.png 300w, https:\/\/compagniedeviation.com\/wp-content\/uploads\/2026\/03\/la-ou-ca-bat-2-768x509.png 768w, https:\/\/compagniedeviation.com\/wp-content\/uploads\/2026\/03\/la-ou-ca-bat-2-453x300.png 453w, https:\/\/compagniedeviation.com\/wp-content\/uploads\/2026\/03\/la-ou-ca-bat-2.png 1282w\" sizes=\"auto, (max-width: 1024px) 100vw, 1024px\" \/><\/figure>\n\n\n\n<p><em style=\"font-weight: bold;\">A d\u00e9couvrir <\/em><strong> \u00ab\u00a0L\u00e0 o\u00f9 \u00e7\u00e0 bat\u00a0\u00bb<\/strong><br><br>* <strong>Le jeudi 23 avril 2026 \u00e0 18h aux ponts des abattoirs Pr\u00e9mery (58)<\/strong><br>* <strong>Le dimanche 14 juin 2026 \u00e0 15h la Transverse Corbigny (58)<br>* Le Mardi 23 Juin 2026 &#8211; Luisant &#8211; Germigny l&rsquo;Exempt (18)<\/strong><br>* <strong>Le Mercredi 24 Juin 2026 &#8211; Luisant &#8211; Cuzy (18) <\/strong><br>* <strong>Le samedi 1er Aout 2026 \u00a0\u00bb La Transverse Fait son Festival\u00a0\u00bb Clamecy (58)<\/strong><br><\/p>\n\n\n\n<div class=\"wp-block-media-text is-stacked-on-mobile\"><figure class=\"wp-block-media-text__media\"><img loading=\"lazy\" decoding=\"async\" width=\"1024\" height=\"683\" src=\"https:\/\/compagniedeviation.com\/wp-content\/uploads\/2026\/03\/a481cd11-4cb3-4b2c-a53b-f26bebad5199-1024x683.png\" alt=\"\" class=\"wp-image-354 size-full\" srcset=\"https:\/\/compagniedeviation.com\/wp-content\/uploads\/2026\/03\/a481cd11-4cb3-4b2c-a53b-f26bebad5199-1024x683.png 1024w, https:\/\/compagniedeviation.com\/wp-content\/uploads\/2026\/03\/a481cd11-4cb3-4b2c-a53b-f26bebad5199-300x200.png 300w, https:\/\/compagniedeviation.com\/wp-content\/uploads\/2026\/03\/a481cd11-4cb3-4b2c-a53b-f26bebad5199-768x512.png 768w, https:\/\/compagniedeviation.com\/wp-content\/uploads\/2026\/03\/a481cd11-4cb3-4b2c-a53b-f26bebad5199-450x300.png 450w, https:\/\/compagniedeviation.com\/wp-content\/uploads\/2026\/03\/a481cd11-4cb3-4b2c-a53b-f26bebad5199.png 1536w\" sizes=\"auto, (max-width: 1024px) 100vw, 1024px\" \/><\/figure><div class=\"wp-block-media-text__content\">\n<p><strong>Vendredi 7 Ao\u00fbt 2026 en soir\u00e9e dans le cadre de l&rsquo;Estival du Luisant Germigny l&rsquo;Exempt (18)<\/strong><br><strong>\u00ab\u00a0A Fleur de Peaux\u00a0\u00bb <\/strong><br>Restitution d&rsquo;ateliers de percussions (composition Fr\u00e9deric Firmin)<br><\/p>\n<\/div><\/div>\n\n\n\n<p><\/p>\n\n\n\n<p><strong>Septembre 2026 \u00ab\u00a0la For\u00eat Orchestre\u00a0\u00bb \u00ab\u00a0L\u00e0 O\u00f9 C\u00e0 Bat\u00a0\u00bb &#8230;.. <em>\u00e0 suivre <\/em><\/strong><\/p>\n\n\n\n<p><\/p>\n","protected":false},"excerpt":{"rendered":"<p>R\u00e9sidence de cr\u00e9ation \u00ab\u00a0L\u00e0 o\u00f9 \u00e7\u00e0 bat\u00a0\u00bbaux ponts des abattoirs Pr\u00e9mery (58) Sortie de r\u00e9sidence : Le jeudi 23 avril 2026 \u00e0 18hEntr\u00e9e Libre R\u00e9sidence de cr\u00e9ation \u00e0 la Transverse Corbigny (58)Exposition \/ Concerts \/ Cr\u00e9ations\u00ab\u00a0D\u00e9ballage Public\u00a0\u00bb s&rsquo;ouvre \u00e0 vous &hellip; <a href=\"https:\/\/compagniedeviation.com\/?page_id=12\">Continuer la lecture <span class=\"meta-nav\">&rarr;<\/span><\/a><\/p>\n","protected":false},"author":1,"featured_media":0,"parent":0,"menu_order":0,"comment_status":"closed","ping_status":"closed","template":"","meta":{"footnotes":""},"class_list":["post-12","page","type-page","status-publish","hentry"],"_links":{"self":[{"href":"https:\/\/compagniedeviation.com\/index.php?rest_route=\/wp\/v2\/pages\/12","targetHints":{"allow":["GET"]}}],"collection":[{"href":"https:\/\/compagniedeviation.com\/index.php?rest_route=\/wp\/v2\/pages"}],"about":[{"href":"https:\/\/compagniedeviation.com\/index.php?rest_route=\/wp\/v2\/types\/page"}],"author":[{"embeddable":true,"href":"https:\/\/compagniedeviation.com\/index.php?rest_route=\/wp\/v2\/users\/1"}],"replies":[{"embeddable":true,"href":"https:\/\/compagniedeviation.com\/index.php?rest_route=%2Fwp%2Fv2%2Fcomments&post=12"}],"version-history":[{"count":11,"href":"https:\/\/compagniedeviation.com\/index.php?rest_route=\/wp\/v2\/pages\/12\/revisions"}],"predecessor-version":[{"id":356,"href":"https:\/\/compagniedeviation.com\/index.php?rest_route=\/wp\/v2\/pages\/12\/revisions\/356"}],"wp:attachment":[{"href":"https:\/\/compagniedeviation.com\/index.php?rest_route=%2Fwp%2Fv2%2Fmedia&parent=12"}],"curies":[{"name":"wp","href":"https:\/\/api.w.org\/{rel}","templated":true}]}}