{"id":2,"date":"2025-02-04T12:00:50","date_gmt":"2025-02-04T11:00:50","guid":{"rendered":"http:\/\/compagniedeviation.com\/?page_id=2"},"modified":"2025-08-07T16:37:37","modified_gmt":"2025-08-07T14:37:37","slug":"page-d-exemple","status":"publish","type":"page","link":"https:\/\/compagniedeviation.com\/","title":{"rendered":"Accueil"},"content":{"rendered":"\n<p><strong>Avec D\u00e9viation, la musique se fait sculpture, la sculpture devient mouvement et chaque spectacle une c\u00e9l\u00e9bration visuelle, sonore et humaine<\/strong><\/p>\n\n\n\n<figure class=\"wp-block-image size-full\"><img loading=\"lazy\" decoding=\"async\" width=\"1024\" height=\"512\" src=\"https:\/\/compagniedeviation.com\/wp-content\/uploads\/2025\/04\/Bavardages.jpg\" alt=\"\" class=\"wp-image-112\" srcset=\"https:\/\/compagniedeviation.com\/wp-content\/uploads\/2025\/04\/Bavardages.jpg 1024w, https:\/\/compagniedeviation.com\/wp-content\/uploads\/2025\/04\/Bavardages-300x150.jpg 300w, https:\/\/compagniedeviation.com\/wp-content\/uploads\/2025\/04\/Bavardages-768x384.jpg 768w\" sizes=\"auto, (max-width: 1024px) 100vw, 1024px\" \/><\/figure>\n\n\n\n<p><\/p>\n","protected":false},"excerpt":{"rendered":"<p>Avec D\u00e9viation, la musique se fait sculpture, la sculpture devient mouvement et chaque spectacle une c\u00e9l\u00e9bration visuelle, sonore et humaine<\/p>\n","protected":false},"author":1,"featured_media":0,"parent":0,"menu_order":0,"comment_status":"closed","ping_status":"open","template":"","meta":{"footnotes":""},"class_list":["post-2","page","type-page","status-publish","hentry"],"_links":{"self":[{"href":"https:\/\/compagniedeviation.com\/index.php?rest_route=\/wp\/v2\/pages\/2","targetHints":{"allow":["GET"]}}],"collection":[{"href":"https:\/\/compagniedeviation.com\/index.php?rest_route=\/wp\/v2\/pages"}],"about":[{"href":"https:\/\/compagniedeviation.com\/index.php?rest_route=\/wp\/v2\/types\/page"}],"author":[{"embeddable":true,"href":"https:\/\/compagniedeviation.com\/index.php?rest_route=\/wp\/v2\/users\/1"}],"replies":[{"embeddable":true,"href":"https:\/\/compagniedeviation.com\/index.php?rest_route=%2Fwp%2Fv2%2Fcomments&post=2"}],"version-history":[{"count":14,"href":"https:\/\/compagniedeviation.com\/index.php?rest_route=\/wp\/v2\/pages\/2\/revisions"}],"predecessor-version":[{"id":294,"href":"https:\/\/compagniedeviation.com\/index.php?rest_route=\/wp\/v2\/pages\/2\/revisions\/294"}],"wp:attachment":[{"href":"https:\/\/compagniedeviation.com\/index.php?rest_route=%2Fwp%2Fv2%2Fmedia&parent=2"}],"curies":[{"name":"wp","href":"https:\/\/api.w.org\/{rel}","templated":true}]}}