{"id":287,"date":"2025-08-07T16:24:04","date_gmt":"2025-08-07T14:24:04","guid":{"rendered":"https:\/\/compagniedeviation.com\/?page_id=287"},"modified":"2025-08-07T16:41:07","modified_gmt":"2025-08-07T14:41:07","slug":"a-propos","status":"publish","type":"page","link":"https:\/\/compagniedeviation.com\/?page_id=287","title":{"rendered":"A Propos"},"content":{"rendered":"\n<figure class=\"wp-block-gallery has-nested-images columns-default is-cropped wp-block-gallery-1 is-layout-flex wp-block-gallery-is-layout-flex\">\n<figure class=\"wp-block-image size-large\"><img loading=\"lazy\" decoding=\"async\" width=\"641\" height=\"427\" data-id=\"211\" src=\"https:\/\/compagniedeviation.com\/wp-content\/uploads\/2025\/07\/image-1.png\" alt=\"\" class=\"wp-image-211\" srcset=\"https:\/\/compagniedeviation.com\/wp-content\/uploads\/2025\/07\/image-1.png 641w, https:\/\/compagniedeviation.com\/wp-content\/uploads\/2025\/07\/image-1-300x200.png 300w, https:\/\/compagniedeviation.com\/wp-content\/uploads\/2025\/07\/image-1-450x300.png 450w\" sizes=\"auto, (max-width: 641px) 100vw, 641px\" \/><\/figure>\n<\/figure>\n\n\n\n<p>Fond\u00e9e en <strong>1991<\/strong> par <strong>Alain\u202fMignon<\/strong>, facteur d\u2019instruments de musique contemporain, la compagnie D\u00e9viation explore depuis plus de trois d\u00e9cennies la rencontre entre musique, art visuel et espace public<br><br>Sp\u00e9cialis\u00e9e dans des <strong>spectacles musicaux visuels<\/strong>, D\u00e9viation r\u00e9unit musiciens, com\u00e9diens et danseurs autour d\u2019instruments qui sont autant de <strong>sculptures sonores<\/strong> \u00e0 l\u2019\u00e9chelle humaine et urbaine. Con\u00e7us comme des objets d\u2019art \u00e0 part enti\u00e8re, ces instruments offrent une gamme m\u00e9lodique riche et des timbres infinis propices \u00e0 la cr\u00e9ation musicale originale<br><br>En <strong>2004<\/strong>, la compagnie s\u2019installe dans la <strong>Ni\u00e8vre<\/strong>, enrichissant son rayonnement r\u00e9gional, national et international. En <strong>2021<\/strong>, elle a c\u00e9l\u00e9br\u00e9 ses <strong>30 ans de spectacles vivants<\/strong>, t\u00e9moignage de son engagement et de son inventivit\u00e9 constantes<br><br><strong>Facture Instrumentale<\/strong><br><br>Depuis une trentaine d\u2019ann\u00e9es, Alain Mignon associe son savoir-faire d\u2019\u00e9b\u00e9niste, sa passion pour la sculpture et son exp\u00e9rience de percussionniste. Chaque instrument issu de son imaginaire devient une invitation \u00e0 une exploration du sonore et du visuel. Ces cr\u00e9ations sont pens\u00e9es pour dialoguer avec les lieux et les publics, transformant chaque repr\u00e9sentation en un <strong>moment immersif et participatif<\/strong><\/p>\n\n\n\n<p>La ligne artistique de D\u00e9viation privil\u00e9gie le <strong>contact direct entre artistes et spectateurs<\/strong>. Chaque performance puise sa singularit\u00e9 dans l\u2019espace, l\u2019ambiance de l\u2019\u00e9v\u00e9nement et le partage imm\u00e9diat avec le public. Les dispositifs install\u00e9s m\u00ealent esth\u00e9tisme, \u00e9tranget\u00e9 et puissance musicale, oscillant entre sc\u00e9nographie monumentale et objets portatifs.<\/p>\n\n\n\n<p>Les instruments deviennent alors des <strong>ponts entre diff\u00e9rents mondes<\/strong>, supports de rencontres entre compositeurs, musiciens et publics pour cr\u00e9er un r\u00e9pertoire unique adapt\u00e9 \u00e0 chaque esth\u00e9tique contemporaine<\/p>\n\n\n\n<figure class=\"wp-block-image size-full\"><img loading=\"lazy\" decoding=\"async\" width=\"630\" height=\"474\" src=\"https:\/\/compagniedeviation.com\/wp-content\/uploads\/2025\/07\/image.png\" alt=\"\" class=\"wp-image-209\" srcset=\"https:\/\/compagniedeviation.com\/wp-content\/uploads\/2025\/07\/image.png 630w, https:\/\/compagniedeviation.com\/wp-content\/uploads\/2025\/07\/image-300x226.png 300w, https:\/\/compagniedeviation.com\/wp-content\/uploads\/2025\/07\/image-399x300.png 399w\" sizes=\"auto, (max-width: 630px) 100vw, 630px\" \/><\/figure>\n","protected":false},"excerpt":{"rendered":"<p>Fond\u00e9e en 1991 par Alain\u202fMignon, facteur d\u2019instruments de musique contemporain, la compagnie D\u00e9viation explore depuis plus de trois d\u00e9cennies la rencontre entre musique, art visuel et espace public Sp\u00e9cialis\u00e9e dans des spectacles musicaux visuels, D\u00e9viation r\u00e9unit musiciens, com\u00e9diens et danseurs &hellip; <a href=\"https:\/\/compagniedeviation.com\/?page_id=287\">Continuer la lecture <span class=\"meta-nav\">&rarr;<\/span><\/a><\/p>\n","protected":false},"author":1,"featured_media":0,"parent":0,"menu_order":0,"comment_status":"closed","ping_status":"closed","template":"","meta":{"footnotes":""},"class_list":["post-287","page","type-page","status-publish","hentry"],"_links":{"self":[{"href":"https:\/\/compagniedeviation.com\/index.php?rest_route=\/wp\/v2\/pages\/287","targetHints":{"allow":["GET"]}}],"collection":[{"href":"https:\/\/compagniedeviation.com\/index.php?rest_route=\/wp\/v2\/pages"}],"about":[{"href":"https:\/\/compagniedeviation.com\/index.php?rest_route=\/wp\/v2\/types\/page"}],"author":[{"embeddable":true,"href":"https:\/\/compagniedeviation.com\/index.php?rest_route=\/wp\/v2\/users\/1"}],"replies":[{"embeddable":true,"href":"https:\/\/compagniedeviation.com\/index.php?rest_route=%2Fwp%2Fv2%2Fcomments&post=287"}],"version-history":[{"count":2,"href":"https:\/\/compagniedeviation.com\/index.php?rest_route=\/wp\/v2\/pages\/287\/revisions"}],"predecessor-version":[{"id":295,"href":"https:\/\/compagniedeviation.com\/index.php?rest_route=\/wp\/v2\/pages\/287\/revisions\/295"}],"wp:attachment":[{"href":"https:\/\/compagniedeviation.com\/index.php?rest_route=%2Fwp%2Fv2%2Fmedia&parent=287"}],"curies":[{"name":"wp","href":"https:\/\/api.w.org\/{rel}","templated":true}]}}