{"id":65,"date":"2025-03-12T14:32:18","date_gmt":"2025-03-12T13:32:18","guid":{"rendered":"https:\/\/compagniedeviation.com\/?page_id=65"},"modified":"2025-07-24T19:43:31","modified_gmt":"2025-07-24T17:43:31","slug":"contact","status":"publish","type":"page","link":"https:\/\/compagniedeviation.com\/?page_id=65","title":{"rendered":"Contact"},"content":{"rendered":"\n<p><strong>Administration\u200b\u200b<\/strong> : <br>Compagnie D\u00e9viation : 06.16.46.85.11<br><strong>Bureau\/Atelier<\/strong> : <br>21, Rue de la Mont\u00e9e&nbsp;58330 Saint-Franchy<br>\u200b<strong>Si\u00e8ge social<\/strong> : <br>Bergerie de Soffin, Voie Communale 3, 58700 Authiou<\/p>\n\n\n\n<div class=\"wp-block-group is-vertical is-layout-flex wp-container-core-group-is-layout-8cf370e7 wp-block-group-is-layout-flex\">\n<p class=\"has-small-font-size\">\u200b<a href=\"mailto:contact@compagniedeviation.com\"><strong>contact@compagniedeviation.com<\/strong><\/a><\/p>\n\n\n\n<div class=\"wp-block-media-text is-stacked-on-mobile\"><figure class=\"wp-block-media-text__media\"><img loading=\"lazy\" decoding=\"async\" width=\"512\" height=\"768\" src=\"https:\/\/compagniedeviation.com\/wp-content\/uploads\/2025\/04\/MG_8033-1.jpg\" alt=\"\" class=\"wp-image-124 size-full\" srcset=\"https:\/\/compagniedeviation.com\/wp-content\/uploads\/2025\/04\/MG_8033-1.jpg 512w, https:\/\/compagniedeviation.com\/wp-content\/uploads\/2025\/04\/MG_8033-1-200x300.jpg 200w\" sizes=\"auto, (max-width: 512px) 100vw, 512px\" \/><\/figure><div class=\"wp-block-media-text__content\">\n<p>\u2728 Et si vous souteniez la Compagnie D\u00e9viation ?<\/p>\n\n\n\n<p>Si vous aimez notre univers, nos spectacles un peu d\u00e9cal\u00e9s, nos bidouillages sonores et nos envies de partager la sc\u00e8ne partout o\u00f9 c\u2019est possible\u2026 alors vous pouvez nous donner un coup de pouce !<\/p>\n\n\n\n<p>Gr\u00e2ce \u00e0 votre soutien sur <strong>HelloAsso<\/strong>, vous nous aidez \u00e0 continuer \u00e0 cr\u00e9er, \u00e0 r\u00e9p\u00e9ter, \u00e0 inventer de nouvelles formes, \u00e0 faire vivre nos projets et \u00e0 les faire circuler.<\/p>\n\n\n\n<p>Chaque geste compte, vraiment.<br><strong>Merci de faire partie de l\u2019aventure avec nous !<\/strong><br><br><a>\ud83d\udc49 Je soutiens sur HelloAsso<\/a><\/p>\n<\/div><\/div>\n\n\n\n<p class=\"has-small-font-size\"><br><\/p>\n\n\n\n<p class=\"has-small-font-size\"> <\/p>\n\n\n\n<p class=\"has-small-font-size\"><br><\/p>\n\n\n\n<figure class=\"wp-block-image size-full\"><img loading=\"lazy\" decoding=\"async\" width=\"600\" height=\"600\" src=\"https:\/\/compagniedeviation.com\/wp-content\/uploads\/2025\/07\/qrcode.png\" alt=\"\" class=\"wp-image-216\" srcset=\"https:\/\/compagniedeviation.com\/wp-content\/uploads\/2025\/07\/qrcode.png 600w, https:\/\/compagniedeviation.com\/wp-content\/uploads\/2025\/07\/qrcode-300x300.png 300w, https:\/\/compagniedeviation.com\/wp-content\/uploads\/2025\/07\/qrcode-150x150.png 150w\" sizes=\"auto, (max-width: 600px) 100vw, 600px\" \/><\/figure>\n<\/div>\n","protected":false},"excerpt":{"rendered":"<p>Administration\u200b\u200b : Compagnie D\u00e9viation : 06.16.46.85.11Bureau\/Atelier : 21, Rue de la Mont\u00e9e&nbsp;58330 Saint-Franchy\u200bSi\u00e8ge social : Bergerie de Soffin, Voie Communale 3, 58700 Authiou \u200bcontact@compagniedeviation.com \u2728 Et si vous souteniez la Compagnie D\u00e9viation ? Si vous aimez notre univers, nos spectacles &hellip; <a href=\"https:\/\/compagniedeviation.com\/?page_id=65\">Continuer la lecture <span class=\"meta-nav\">&rarr;<\/span><\/a><\/p>\n","protected":false},"author":1,"featured_media":124,"parent":0,"menu_order":0,"comment_status":"closed","ping_status":"closed","template":"","meta":{"footnotes":""},"class_list":["post-65","page","type-page","status-publish","has-post-thumbnail","hentry"],"_links":{"self":[{"href":"https:\/\/compagniedeviation.com\/index.php?rest_route=\/wp\/v2\/pages\/65","targetHints":{"allow":["GET"]}}],"collection":[{"href":"https:\/\/compagniedeviation.com\/index.php?rest_route=\/wp\/v2\/pages"}],"about":[{"href":"https:\/\/compagniedeviation.com\/index.php?rest_route=\/wp\/v2\/types\/page"}],"author":[{"embeddable":true,"href":"https:\/\/compagniedeviation.com\/index.php?rest_route=\/wp\/v2\/users\/1"}],"replies":[{"embeddable":true,"href":"https:\/\/compagniedeviation.com\/index.php?rest_route=%2Fwp%2Fv2%2Fcomments&post=65"}],"version-history":[{"count":4,"href":"https:\/\/compagniedeviation.com\/index.php?rest_route=\/wp\/v2\/pages\/65\/revisions"}],"predecessor-version":[{"id":220,"href":"https:\/\/compagniedeviation.com\/index.php?rest_route=\/wp\/v2\/pages\/65\/revisions\/220"}],"wp:featuredmedia":[{"embeddable":true,"href":"https:\/\/compagniedeviation.com\/index.php?rest_route=\/wp\/v2\/media\/124"}],"wp:attachment":[{"href":"https:\/\/compagniedeviation.com\/index.php?rest_route=%2Fwp%2Fv2%2Fmedia&parent=65"}],"curies":[{"name":"wp","href":"https:\/\/api.w.org\/{rel}","templated":true}]}}