{"id":77,"date":"2025-04-10T15:57:01","date_gmt":"2025-04-10T13:57:01","guid":{"rendered":"https:\/\/compagniedeviation.com\/?page_id=77"},"modified":"2025-07-24T16:46:29","modified_gmt":"2025-07-24T14:46:29","slug":"murmurant","status":"publish","type":"page","link":"https:\/\/compagniedeviation.com\/?page_id=77","title":{"rendered":"MURMURANT"},"content":{"rendered":"\n<p><strong>L&rsquo;instrument : un mur de tambours mobile<\/strong><\/p>\n\n\n\n<figure class=\"wp-block-image size-large\"><img loading=\"lazy\" decoding=\"async\" width=\"1024\" height=\"683\" src=\"https:\/\/compagniedeviation.com\/wp-content\/uploads\/2025\/04\/mm-1024x683.jpg\" alt=\"\" class=\"wp-image-130\" srcset=\"https:\/\/compagniedeviation.com\/wp-content\/uploads\/2025\/04\/mm-1024x683.jpg 1024w, https:\/\/compagniedeviation.com\/wp-content\/uploads\/2025\/04\/mm-300x200.jpg 300w, https:\/\/compagniedeviation.com\/wp-content\/uploads\/2025\/04\/mm-768x512.jpg 768w, https:\/\/compagniedeviation.com\/wp-content\/uploads\/2025\/04\/mm-1536x1024.jpg 1536w, https:\/\/compagniedeviation.com\/wp-content\/uploads\/2025\/04\/mm-2048x1365.jpg 2048w\" sizes=\"auto, (max-width: 1024px) 100vw, 1024px\" \/><\/figure>\n\n\n\n<h2 class=\"wp-block-heading has-small-font-size\"><strong><em>En d\u00e9ambulation et\/ou en fixe&nbsp;                                                         SINGAPOR ART FESTIVAL<\/em><\/strong><\/h2>\n\n\n\n<p class=\"has-medium-font-size\"><strong><br>L&rsquo;instrument :<br>un mur de tambours mobile<\/strong><\/p>\n\n\n\n<p>Jou\u00e9 par 4 percussionnistes et manipul\u00e9<\/p>\n\n\n\n<p>par 2 com\u00e9diens aussi complices qu&rsquo;espi\u00e8gles, MURMURANT, est un<strong>&nbsp;mur de tambours mobile&nbsp;<\/strong>qui entraine les&nbsp;\u200bspectateurs dans une percutante balade musicale.<\/p>\n\n\n\n<p>Les&nbsp;tambours peuvent \u00eatre mis en lumi\u00e8re \u00e0 la nuit tomb\u00e9e.<\/p>\n\n\n\n<p>Spectacle interactif et plein d&rsquo;humour&#8230;<\/p>\n\n\n\n<p>Participation du public avec distribution g\u00e9n\u00e9rale de baguettes \u00e0 l&rsquo;arriv\u00e9e<\/p>\n\n\n\n<h2 class=\"wp-block-heading has-medium-font-size\"><strong><em>MURMURANT NOCTURNE <\/em><\/strong><\/h2>\n\n\n\n<figure class=\"wp-block-image size-large\"><img loading=\"lazy\" decoding=\"async\" width=\"1024\" height=\"683\" src=\"https:\/\/compagniedeviation.com\/wp-content\/uploads\/2025\/06\/M_M-Morez1-1024x683.jpg\" alt=\"\" class=\"wp-image-196\" srcset=\"https:\/\/compagniedeviation.com\/wp-content\/uploads\/2025\/06\/M_M-Morez1-1024x683.jpg 1024w, https:\/\/compagniedeviation.com\/wp-content\/uploads\/2025\/06\/M_M-Morez1-300x200.jpg 300w, https:\/\/compagniedeviation.com\/wp-content\/uploads\/2025\/06\/M_M-Morez1-768x512.jpg 768w, https:\/\/compagniedeviation.com\/wp-content\/uploads\/2025\/06\/M_M-Morez1-1536x1024.jpg 1536w, https:\/\/compagniedeviation.com\/wp-content\/uploads\/2025\/06\/M_M-Morez1-2048x1365.jpg 2048w, https:\/\/compagniedeviation.com\/wp-content\/uploads\/2025\/06\/M_M-Morez1-450x300.jpg 450w\" sizes=\"auto, (max-width: 1024px) 100vw, 1024px\" \/><\/figure>\n\n\n\n<p><\/p>\n","protected":false},"excerpt":{"rendered":"<p>L&rsquo;instrument : un mur de tambours mobile En d\u00e9ambulation et\/ou en fixe&nbsp; SINGAPOR ART FESTIVAL L&rsquo;instrument :un mur de tambours mobile Jou\u00e9 par 4 percussionnistes et manipul\u00e9 par 2 com\u00e9diens aussi complices qu&rsquo;espi\u00e8gles, MURMURANT, est un&nbsp;mur de tambours mobile&nbsp;qui entraine &hellip; <a href=\"https:\/\/compagniedeviation.com\/?page_id=77\">Continuer la lecture <span class=\"meta-nav\">&rarr;<\/span><\/a><\/p>\n","protected":false},"author":1,"featured_media":0,"parent":0,"menu_order":0,"comment_status":"closed","ping_status":"closed","template":"","meta":{"footnotes":""},"class_list":["post-77","page","type-page","status-publish","hentry"],"_links":{"self":[{"href":"https:\/\/compagniedeviation.com\/index.php?rest_route=\/wp\/v2\/pages\/77","targetHints":{"allow":["GET"]}}],"collection":[{"href":"https:\/\/compagniedeviation.com\/index.php?rest_route=\/wp\/v2\/pages"}],"about":[{"href":"https:\/\/compagniedeviation.com\/index.php?rest_route=\/wp\/v2\/types\/page"}],"author":[{"embeddable":true,"href":"https:\/\/compagniedeviation.com\/index.php?rest_route=\/wp\/v2\/users\/1"}],"replies":[{"embeddable":true,"href":"https:\/\/compagniedeviation.com\/index.php?rest_route=%2Fwp%2Fv2%2Fcomments&post=77"}],"version-history":[{"count":6,"href":"https:\/\/compagniedeviation.com\/index.php?rest_route=\/wp\/v2\/pages\/77\/revisions"}],"predecessor-version":[{"id":206,"href":"https:\/\/compagniedeviation.com\/index.php?rest_route=\/wp\/v2\/pages\/77\/revisions\/206"}],"wp:attachment":[{"href":"https:\/\/compagniedeviation.com\/index.php?rest_route=%2Fwp%2Fv2%2Fmedia&parent=77"}],"curies":[{"name":"wp","href":"https:\/\/api.w.org\/{rel}","templated":true}]}}