{"id":80,"date":"2025-04-14T12:25:41","date_gmt":"2025-04-14T10:25:41","guid":{"rendered":"https:\/\/compagniedeviation.com\/?page_id=80"},"modified":"2025-06-30T14:04:55","modified_gmt":"2025-06-30T12:04:55","slug":"ayafo","status":"publish","type":"page","link":"https:\/\/compagniedeviation.com\/?page_id=80","title":{"rendered":"AYAFO"},"content":{"rendered":"\n<p><strong>L&rsquo;instrument : le soku et sa d\u00e9clinaison contemporaine<\/strong><\/p>\n\n\n\n<figure class=\"wp-block-image size-full\"><img loading=\"lazy\" decoding=\"async\" width=\"600\" height=\"402\" src=\"https:\/\/compagniedeviation.com\/wp-content\/uploads\/2025\/03\/ayafo.jpeg\" alt=\"\" class=\"wp-image-81\" srcset=\"https:\/\/compagniedeviation.com\/wp-content\/uploads\/2025\/03\/ayafo.jpeg 600w, https:\/\/compagniedeviation.com\/wp-content\/uploads\/2025\/03\/ayafo-300x201.jpeg 300w\" sizes=\"auto, (max-width: 600px) 100vw, 600px\" \/><\/figure>\n\n\n\n<div class=\"wp-block-media-text has-media-on-the-right is-stacked-on-mobile is-vertically-aligned-top\"><div class=\"wp-block-media-text__content\">\n<p>En 2008, Alain Mignon prend la route pour Bamako, \u00e0 la rencontre de Bina Coumar\u00e9, ma\u00eetre&nbsp;soku.<\/p>\n\n\n\n<p>De leur rencontre nait l&rsquo;id\u00e9e d&rsquo;un spectacle alliant instruments traditionnels du Mali, facture contemporaine,&nbsp;projections&nbsp;multim\u00e9dia&nbsp;et composition num\u00e9rique.<\/p>\n<\/div><figure class=\"wp-block-media-text__media\"><img loading=\"lazy\" decoding=\"async\" width=\"488\" height=\"321\" src=\"https:\/\/compagniedeviation.com\/wp-content\/uploads\/2025\/03\/bamako.jpeg\" alt=\"\" class=\"wp-image-82 size-full\" srcset=\"https:\/\/compagniedeviation.com\/wp-content\/uploads\/2025\/03\/bamako.jpeg 488w, https:\/\/compagniedeviation.com\/wp-content\/uploads\/2025\/03\/bamako-300x197.jpeg 300w\" sizes=\"auto, (max-width: 488px) 100vw, 488px\" \/><\/figure><\/div>\n\n\n\n<figure class=\"wp-block-image size-full is-resized\"><img loading=\"lazy\" decoding=\"async\" width=\"345\" height=\"622\" src=\"https:\/\/compagniedeviation.com\/wp-content\/uploads\/2025\/03\/Bina-Coumare.jpeg\" alt=\"\" class=\"wp-image-83\" style=\"width:267px;height:auto\" srcset=\"https:\/\/compagniedeviation.com\/wp-content\/uploads\/2025\/03\/Bina-Coumare.jpeg 345w, https:\/\/compagniedeviation.com\/wp-content\/uploads\/2025\/03\/Bina-Coumare-166x300.jpeg 166w\" sizes=\"auto, (max-width: 345px) 100vw, 345px\" \/><\/figure>\n\n\n\n<p class=\"has-small-font-size\">PARTENARIATS :&nbsp;<\/p>\n\n\n\n<p class=\"has-small-font-size\">Au Mali : Minist\u00e8re de la Culture,\u00a0Centre Culturel Fran\u00e7ais (directeur Jean-Luc Baillet, assistant Loic Meuley), le CAMM (Conservatoire des Arts et M\u00e9tiers Multim\u00e9dia) Balla Fassek\u00e9 Kouyat\u00e9, l\u2019INA (Institut National des Arts), Ville de KITA centre d\u2019arts et de Culture Madany KE\u00cfTA\u00a0, le Festival de S\u00e9gou.<\/p>\n\n\n\n<p class=\"has-small-font-size\">En France : Le Festival de l\u2019Oh ! (Val de Marne) Le Festival Carnet de Voyages (Sevran, Seine St Denis) La Maison Citoyenne (Clamecy, Ni\u00e8vre)   L\u2019Ecole de Musique et de Danse de Haute Ni\u00e8vre<\/p>\n\n\n\n<p class=\"has-small-font-size\"><strong>Tourn\u00e9e au Mali&nbsp;et en France<\/strong><\/p>\n\n\n\n<p class=\"has-small-font-size\">MALI : \u00e0 Bamako (au Centre culturel fran\u00e7ais, au CAMM, \u00e0 l\u2019INA\u2026), \u00e0 S\u00e9gou (Espace culturel Le Mieru Ba) et \u00e0 Kita avec un projet particulier entre la municipalit\u00e9, l\u2019association La Maison Citoyenne de Clamecy et la Cie D\u00c9VIATION.<\/p>\n\n\n\n<p class=\"has-small-font-size\">FRANCE : Festival Carnets de Voyages de Sevran,&nbsp;autour de l\u2019Eco Festival de la Ville de Clamecy, au Caf\u00e9 Charbon de Nevers.<\/p>\n\n\n\n<p><\/p>\n","protected":false},"excerpt":{"rendered":"<p>L&rsquo;instrument : le soku et sa d\u00e9clinaison contemporaine En 2008, Alain Mignon prend la route pour Bamako, \u00e0 la rencontre de Bina Coumar\u00e9, ma\u00eetre&nbsp;soku. De leur rencontre nait l&rsquo;id\u00e9e d&rsquo;un spectacle alliant instruments traditionnels du Mali, facture contemporaine,&nbsp;projections&nbsp;multim\u00e9dia&nbsp;et composition num\u00e9rique. &hellip; <a href=\"https:\/\/compagniedeviation.com\/?page_id=80\">Continuer la lecture <span class=\"meta-nav\">&rarr;<\/span><\/a><\/p>\n","protected":false},"author":1,"featured_media":0,"parent":0,"menu_order":0,"comment_status":"closed","ping_status":"closed","template":"","meta":{"footnotes":""},"class_list":["post-80","page","type-page","status-publish","hentry"],"_links":{"self":[{"href":"https:\/\/compagniedeviation.com\/index.php?rest_route=\/wp\/v2\/pages\/80","targetHints":{"allow":["GET"]}}],"collection":[{"href":"https:\/\/compagniedeviation.com\/index.php?rest_route=\/wp\/v2\/pages"}],"about":[{"href":"https:\/\/compagniedeviation.com\/index.php?rest_route=\/wp\/v2\/types\/page"}],"author":[{"embeddable":true,"href":"https:\/\/compagniedeviation.com\/index.php?rest_route=\/wp\/v2\/users\/1"}],"replies":[{"embeddable":true,"href":"https:\/\/compagniedeviation.com\/index.php?rest_route=%2Fwp%2Fv2%2Fcomments&post=80"}],"version-history":[{"count":1,"href":"https:\/\/compagniedeviation.com\/index.php?rest_route=\/wp\/v2\/pages\/80\/revisions"}],"predecessor-version":[{"id":144,"href":"https:\/\/compagniedeviation.com\/index.php?rest_route=\/wp\/v2\/pages\/80\/revisions\/144"}],"wp:attachment":[{"href":"https:\/\/compagniedeviation.com\/index.php?rest_route=%2Fwp%2Fv2%2Fmedia&parent=80"}],"curies":[{"name":"wp","href":"https:\/\/api.w.org\/{rel}","templated":true}]}}