{"id":88,"date":"2025-04-10T15:54:37","date_gmt":"2025-04-10T13:54:37","guid":{"rendered":"https:\/\/compagniedeviation.com\/?page_id=88"},"modified":"2025-04-10T15:54:38","modified_gmt":"2025-04-10T13:54:38","slug":"la-foret-orchestre","status":"publish","type":"page","link":"https:\/\/compagniedeviation.com\/?page_id=88","title":{"rendered":"LA FORET ORCHESTRE"},"content":{"rendered":"\n<p><strong>l&rsquo;instrument : une for\u00eat d&rsquo;arbres \u00e0 cordes, vents, et percussions<\/strong><br><\/p>\n\n\n\n<figure class=\"wp-block-gallery has-nested-images columns-default is-cropped wp-block-gallery-1 is-layout-flex wp-block-gallery-is-layout-flex\">\n<figure class=\"wp-block-image size-large\"><img loading=\"lazy\" decoding=\"async\" width=\"984\" height=\"439\" data-id=\"89\" src=\"https:\/\/compagniedeviation.com\/wp-content\/uploads\/2025\/03\/la-foret-orchestre.jpeg\" alt=\"\" class=\"wp-image-89\" srcset=\"https:\/\/compagniedeviation.com\/wp-content\/uploads\/2025\/03\/la-foret-orchestre.jpeg 984w, https:\/\/compagniedeviation.com\/wp-content\/uploads\/2025\/03\/la-foret-orchestre-300x134.jpeg 300w, https:\/\/compagniedeviation.com\/wp-content\/uploads\/2025\/03\/la-foret-orchestre-768x343.jpeg 768w\" sizes=\"auto, (max-width: 984px) 100vw, 984px\" \/><\/figure>\n<\/figure>\n\n\n\n<p>Int\u00e9rieur \/ Ext\u00e9rieur \/ Plans d&rsquo;eau<\/p>\n\n\n\n<p><strong>Des instruments de musique in\u00e9dits, imagin\u00e9s autant pour leur force d&rsquo;\u00e9tranget\u00e9 que pour leur potentiel musical.&nbsp;<\/strong><\/p>\n\n\n\n<p>La musique retrouve l&rsquo;atmosph\u00e8re et le sens profond d&rsquo;un voyage autour du monde.<\/p>\n\n\n\n<p>N\u00e9s de la \u00ab b\u00fbche creus\u00e9e africaine \u00bb, ces instruments nouveaux r\u00e9adaptent le principe du&nbsp;tambour de bois,&nbsp;dont la r\u00e9partition est quasi universelle. Du z\u00e9ro \u00e0 l\u2019infini, du tambour unique \u00e0 sa multiplication, cet instrumentarium rend hommage \u00e0 l\u2019instrument premier.<br><\/p>\n\n\n\n<p class=\"has-medium-font-size\"><strong><em>Fiche technique <\/em><\/strong><\/p>\n\n\n\n<p><\/p>\n","protected":false},"excerpt":{"rendered":"<p>l&rsquo;instrument : une for\u00eat d&rsquo;arbres \u00e0 cordes, vents, et percussions Int\u00e9rieur \/ Ext\u00e9rieur \/ Plans d&rsquo;eau Des instruments de musique in\u00e9dits, imagin\u00e9s autant pour leur force d&rsquo;\u00e9tranget\u00e9 que pour leur potentiel musical.&nbsp; La musique retrouve l&rsquo;atmosph\u00e8re et le sens profond &hellip; <a href=\"https:\/\/compagniedeviation.com\/?page_id=88\">Continuer la lecture <span class=\"meta-nav\">&rarr;<\/span><\/a><\/p>\n","protected":false},"author":1,"featured_media":0,"parent":0,"menu_order":0,"comment_status":"closed","ping_status":"closed","template":"","meta":{"footnotes":""},"class_list":["post-88","page","type-page","status-publish","hentry"],"_links":{"self":[{"href":"https:\/\/compagniedeviation.com\/index.php?rest_route=\/wp\/v2\/pages\/88","targetHints":{"allow":["GET"]}}],"collection":[{"href":"https:\/\/compagniedeviation.com\/index.php?rest_route=\/wp\/v2\/pages"}],"about":[{"href":"https:\/\/compagniedeviation.com\/index.php?rest_route=\/wp\/v2\/types\/page"}],"author":[{"embeddable":true,"href":"https:\/\/compagniedeviation.com\/index.php?rest_route=\/wp\/v2\/users\/1"}],"replies":[{"embeddable":true,"href":"https:\/\/compagniedeviation.com\/index.php?rest_route=%2Fwp%2Fv2%2Fcomments&post=88"}],"version-history":[{"count":2,"href":"https:\/\/compagniedeviation.com\/index.php?rest_route=\/wp\/v2\/pages\/88\/revisions"}],"predecessor-version":[{"id":129,"href":"https:\/\/compagniedeviation.com\/index.php?rest_route=\/wp\/v2\/pages\/88\/revisions\/129"}],"wp:attachment":[{"href":"https:\/\/compagniedeviation.com\/index.php?rest_route=%2Fwp%2Fv2%2Fmedia&parent=88"}],"curies":[{"name":"wp","href":"https:\/\/api.w.org\/{rel}","templated":true}]}}