{"id":91,"date":"2025-04-14T12:26:05","date_gmt":"2025-04-14T10:26:05","guid":{"rendered":"https:\/\/compagniedeviation.com\/?page_id=91"},"modified":"2025-07-24T16:59:23","modified_gmt":"2025-07-24T14:59:23","slug":"bavardages","status":"publish","type":"page","link":"https:\/\/compagniedeviation.com\/?page_id=91","title":{"rendered":"BAVARDAGES"},"content":{"rendered":"\n<p><strong>L&rsquo;instrument : les \u00e9crans\/tambours<\/strong> (En rue, en salle, en piscine&#8230; )<\/p>\n\n\n\n<figure class=\"wp-block-gallery has-nested-images columns-default is-cropped wp-block-gallery-1 is-layout-flex wp-block-gallery-is-layout-flex\">\n<figure class=\"wp-block-image size-large\"><img loading=\"lazy\" decoding=\"async\" width=\"977\" height=\"561\" data-id=\"92\" src=\"https:\/\/compagniedeviation.com\/wp-content\/uploads\/2025\/03\/Bavardages-affiche-1.jpeg\" alt=\"\" class=\"wp-image-92\" srcset=\"https:\/\/compagniedeviation.com\/wp-content\/uploads\/2025\/03\/Bavardages-affiche-1.jpeg 977w, https:\/\/compagniedeviation.com\/wp-content\/uploads\/2025\/03\/Bavardages-affiche-1-300x172.jpeg 300w, https:\/\/compagniedeviation.com\/wp-content\/uploads\/2025\/03\/Bavardages-affiche-1-768x441.jpeg 768w\" sizes=\"auto, (max-width: 977px) 100vw, 977px\" \/><\/figure>\n<\/figure>\n\n\n\n<p class=\"has-small-font-size\">FESTIVAL ARTS OF\u00a0SINGAPORE, 2006<br><br><strong>Un spectacle musical et sensoriel, immersif et mouvant<\/strong><\/p>\n\n\n\n<p>Six musiciens nous embarquent dans une exp\u00e9rience sonore in\u00e9dite, \u00e0 la fronti\u00e8re du concert, du th\u00e9\u00e2tre et de la performance.<\/p>\n\n\n\n<p>\u00c9quip\u00e9s d\u2019\u00e9crans-tambours aux multiples usages, ils \u00e9voluent \u00e0 travers un parcours sem\u00e9 d\u2019obstacles, o\u00f9 chaque geste, chaque bruit devient mati\u00e8re \u00e0 jeu, \u00e0 \u00e9change, \u00e0 tentative de dialogue.<\/p>\n\n\n\n<p>Textes, musiques, chansons, sons\u2026 Tous les langages sont convoqu\u00e9s pour tenter de communiquer dans un monde satur\u00e9 de bruit. Quand les mots \u00e9chouent, le son prend le relais. Le chaos devient langage.<\/p>\n\n\n\n<p><strong>Bavardages<\/strong> se r\u00e9invente \u00e0 chaque repr\u00e9sentation : chaque lieu devient partie prenante du spectacle \u2014 d\u00e9cor, sc\u00e8ne, r\u00e9sonance. L\u2019environnement devient un instrument \u00e0 part enti\u00e8re, un partenaire de jeu.<\/p>\n\n\n\n<p>Un spectacle qui brouille les pistes et questionne nos fa\u00e7ons d\u2019entrer en relation, de faire ensemble, de \u00ab dire \u00bb autrement.<\/p>\n\n\n\n<p><\/p>\n\n\n\n<p><\/p>\n","protected":false},"excerpt":{"rendered":"<p>L&rsquo;instrument : les \u00e9crans\/tambours (En rue, en salle, en piscine&#8230; ) FESTIVAL ARTS OF\u00a0SINGAPORE, 2006 Un spectacle musical et sensoriel, immersif et mouvant Six musiciens nous embarquent dans une exp\u00e9rience sonore in\u00e9dite, \u00e0 la fronti\u00e8re du concert, du th\u00e9\u00e2tre et &hellip; <a href=\"https:\/\/compagniedeviation.com\/?page_id=91\">Continuer la lecture <span class=\"meta-nav\">&rarr;<\/span><\/a><\/p>\n","protected":false},"author":1,"featured_media":0,"parent":0,"menu_order":0,"comment_status":"closed","ping_status":"closed","template":"","meta":{"footnotes":""},"class_list":["post-91","page","type-page","status-publish","hentry"],"_links":{"self":[{"href":"https:\/\/compagniedeviation.com\/index.php?rest_route=\/wp\/v2\/pages\/91","targetHints":{"allow":["GET"]}}],"collection":[{"href":"https:\/\/compagniedeviation.com\/index.php?rest_route=\/wp\/v2\/pages"}],"about":[{"href":"https:\/\/compagniedeviation.com\/index.php?rest_route=\/wp\/v2\/types\/page"}],"author":[{"embeddable":true,"href":"https:\/\/compagniedeviation.com\/index.php?rest_route=\/wp\/v2\/users\/1"}],"replies":[{"embeddable":true,"href":"https:\/\/compagniedeviation.com\/index.php?rest_route=%2Fwp%2Fv2%2Fcomments&post=91"}],"version-history":[{"count":4,"href":"https:\/\/compagniedeviation.com\/index.php?rest_route=\/wp\/v2\/pages\/91\/revisions"}],"predecessor-version":[{"id":214,"href":"https:\/\/compagniedeviation.com\/index.php?rest_route=\/wp\/v2\/pages\/91\/revisions\/214"}],"wp:attachment":[{"href":"https:\/\/compagniedeviation.com\/index.php?rest_route=%2Fwp%2Fv2%2Fmedia&parent=91"}],"curies":[{"name":"wp","href":"https:\/\/api.w.org\/{rel}","templated":true}]}}