{"id":94,"date":"2025-04-10T15:52:50","date_gmt":"2025-04-10T13:52:50","guid":{"rendered":"https:\/\/compagniedeviation.com\/?page_id=94"},"modified":"2025-06-30T13:39:19","modified_gmt":"2025-06-30T11:39:19","slug":"deballage-public","status":"publish","type":"page","link":"https:\/\/compagniedeviation.com\/?page_id=94","title":{"rendered":"DEBALLAGE PUBLIC"},"content":{"rendered":"\n<p><strong>L&rsquo;instrument : une sculpture g\u00e9ante habit\u00e9e<\/strong> <\/p>\n\n\n\n<figure class=\"wp-block-image size-large\"><img loading=\"lazy\" decoding=\"async\" width=\"1024\" height=\"768\" src=\"https:\/\/compagniedeviation.com\/wp-content\/uploads\/2025\/04\/DP.Leuven-1024x768.jpg\" alt=\"\" class=\"wp-image-126\" srcset=\"https:\/\/compagniedeviation.com\/wp-content\/uploads\/2025\/04\/DP.Leuven-1024x768.jpg 1024w, https:\/\/compagniedeviation.com\/wp-content\/uploads\/2025\/04\/DP.Leuven-300x225.jpg 300w, https:\/\/compagniedeviation.com\/wp-content\/uploads\/2025\/04\/DP.Leuven-768x576.jpg 768w, https:\/\/compagniedeviation.com\/wp-content\/uploads\/2025\/04\/DP.Leuven-1536x1152.jpg 1536w, https:\/\/compagniedeviation.com\/wp-content\/uploads\/2025\/04\/DP.Leuven-2048x1536.jpg 2048w\" sizes=\"auto, (max-width: 1024px) 100vw, 1024px\" \/><\/figure>\n\n\n\n<p class=\"has-small-font-size\">Conception et r\u00e9alisation de la machinerie : Jean Louis BERBOUGNOUX<\/p>\n\n\n\n<p>M\u00e9tamorphose musicale\u00a0d\u2019une\u00a0<strong>sculpture habit\u00e9e\u00a0<\/strong>par 4\u00a0percussionnistes.<\/p>\n\n\n\n<p>DEBALLAGE PUBLIC,&nbsp;facture instrumentale&nbsp;contemporaine, est la&nbsp;synth\u00e8se entre percussion&nbsp;traditionnelle et batterie&nbsp;moderne.<\/p>\n\n\n\n<p><strong>Sculpture ferm\u00e9e :&nbsp;<\/strong><\/p>\n\n\n\n<p>un cube de 4m de c\u00f4t\u00e9.<\/p>\n\n\n\n<p><strong>Sculpture ouverte :&nbsp;<\/strong><\/p>\n\n\n\n<p>un plateau de 8 x 8m \u00e0&nbsp;1,50m du sol<\/p>\n\n\n\n<p><\/p>\n","protected":false},"excerpt":{"rendered":"<p>L&rsquo;instrument : une sculpture g\u00e9ante habit\u00e9e Conception et r\u00e9alisation de la machinerie : Jean Louis BERBOUGNOUX M\u00e9tamorphose musicale\u00a0d\u2019une\u00a0sculpture habit\u00e9e\u00a0par 4\u00a0percussionnistes. DEBALLAGE PUBLIC,&nbsp;facture instrumentale&nbsp;contemporaine, est la&nbsp;synth\u00e8se entre percussion&nbsp;traditionnelle et batterie&nbsp;moderne. Sculpture ferm\u00e9e :&nbsp; un cube de 4m de c\u00f4t\u00e9. Sculpture ouverte &hellip; <a href=\"https:\/\/compagniedeviation.com\/?page_id=94\">Continuer la lecture <span class=\"meta-nav\">&rarr;<\/span><\/a><\/p>\n","protected":false},"author":1,"featured_media":0,"parent":0,"menu_order":0,"comment_status":"closed","ping_status":"closed","template":"","meta":{"footnotes":""},"class_list":["post-94","page","type-page","status-publish","hentry"],"_links":{"self":[{"href":"https:\/\/compagniedeviation.com\/index.php?rest_route=\/wp\/v2\/pages\/94","targetHints":{"allow":["GET"]}}],"collection":[{"href":"https:\/\/compagniedeviation.com\/index.php?rest_route=\/wp\/v2\/pages"}],"about":[{"href":"https:\/\/compagniedeviation.com\/index.php?rest_route=\/wp\/v2\/types\/page"}],"author":[{"embeddable":true,"href":"https:\/\/compagniedeviation.com\/index.php?rest_route=\/wp\/v2\/users\/1"}],"replies":[{"embeddable":true,"href":"https:\/\/compagniedeviation.com\/index.php?rest_route=%2Fwp%2Fv2%2Fcomments&post=94"}],"version-history":[{"count":5,"href":"https:\/\/compagniedeviation.com\/index.php?rest_route=\/wp\/v2\/pages\/94\/revisions"}],"predecessor-version":[{"id":194,"href":"https:\/\/compagniedeviation.com\/index.php?rest_route=\/wp\/v2\/pages\/94\/revisions\/194"}],"wp:attachment":[{"href":"https:\/\/compagniedeviation.com\/index.php?rest_route=%2Fwp%2Fv2%2Fmedia&parent=94"}],"curies":[{"name":"wp","href":"https:\/\/api.w.org\/{rel}","templated":true}]}}