{"id":97,"date":"2025-04-14T12:26:38","date_gmt":"2025-04-14T10:26:38","guid":{"rendered":"https:\/\/compagniedeviation.com\/?page_id=97"},"modified":"2025-06-30T13:39:56","modified_gmt":"2025-06-30T11:39:56","slug":"des-noces-en-noir-et-blanc","status":"publish","type":"page","link":"https:\/\/compagniedeviation.com\/?page_id=97","title":{"rendered":"DES NOCES EN NOIR ET BLANC"},"content":{"rendered":"\n<p><strong>L&rsquo;instrument : u<\/strong><strong>n ballet de 9&nbsp;lampes&nbsp;d\u2019architecte&nbsp;g\u00e9antes devenues tambours<\/strong><\/p>\n\n\n\n<figure class=\"wp-block-gallery has-nested-images columns-default is-cropped wp-block-gallery-1 is-layout-flex wp-block-gallery-is-layout-flex\">\n<figure class=\"wp-block-image size-large\"><img loading=\"lazy\" decoding=\"async\" width=\"1024\" height=\"510\" data-id=\"98\" src=\"https:\/\/compagniedeviation.com\/wp-content\/uploads\/2025\/03\/manege-1024x510.jpeg\" alt=\"\" class=\"wp-image-98\" srcset=\"https:\/\/compagniedeviation.com\/wp-content\/uploads\/2025\/03\/manege-1024x510.jpeg 1024w, https:\/\/compagniedeviation.com\/wp-content\/uploads\/2025\/03\/manege-300x150.jpeg 300w, https:\/\/compagniedeviation.com\/wp-content\/uploads\/2025\/03\/manege-768x383.jpeg 768w, https:\/\/compagniedeviation.com\/wp-content\/uploads\/2025\/03\/manege-1536x766.jpeg 1536w, https:\/\/compagniedeviation.com\/wp-content\/uploads\/2025\/03\/manege.jpeg 1958w\" sizes=\"auto, (max-width: 1024px) 100vw, 1024px\" \/><\/figure>\n<\/figure>\n\n\n\n<p class=\"has-small-font-size\">Conception et r\u00e9alisation de la machinerie : Jean Louis BERBOUGNOUX<\/p>\n\n\n\n<p>Le dispositif install\u00e9 est con\u00e7u comme une sc\u00e9nographie mouvante<\/p>\n\n\n\n<p>Cette structure ample et mobile se d\u00e9ploie selon le syst\u00e8me articul\u00e9 des lampes de bureau, elle permet une souplesse et une fluidit\u00e9 de mouvement sur 4,5 m de d\u00e9velopp\u00e9. L\u2019ensemble, compos\u00e9 de 9 structures m\u00e9talliques, \u00e9voque \u00e0 la fois un animal mythologique, une cr\u00e9ature robotique et andro\u00efde.<\/p>\n\n\n\n<p>L\u2019instrument devient vivant \u00e0 mesure que les musiciens et les danseurs qui le manipulent, d\u00e9veloppent avec lui une histoire singuli\u00e8re. Il se d\u00e9ploie comme autant de bras articul\u00e9s sortis de terre et de mains offertes tendant leurs paumes aux baguettes des percussionnistes.<\/p>\n\n\n\n<p>Il permet une souplesse et une fluidit\u00e9 de mouvement et devient partenaire des danseurs.<\/p>\n\n\n\n<p><\/p>\n","protected":false},"excerpt":{"rendered":"<p>L&rsquo;instrument : un ballet de 9&nbsp;lampes&nbsp;d\u2019architecte&nbsp;g\u00e9antes devenues tambours Conception et r\u00e9alisation de la machinerie : Jean Louis BERBOUGNOUX Le dispositif install\u00e9 est con\u00e7u comme une sc\u00e9nographie mouvante Cette structure ample et mobile se d\u00e9ploie selon le syst\u00e8me articul\u00e9 des lampes &hellip; <a href=\"https:\/\/compagniedeviation.com\/?page_id=97\">Continuer la lecture <span class=\"meta-nav\">&rarr;<\/span><\/a><\/p>\n","protected":false},"author":1,"featured_media":0,"parent":0,"menu_order":0,"comment_status":"closed","ping_status":"closed","template":"","meta":{"footnotes":""},"class_list":["post-97","page","type-page","status-publish","hentry"],"_links":{"self":[{"href":"https:\/\/compagniedeviation.com\/index.php?rest_route=\/wp\/v2\/pages\/97","targetHints":{"allow":["GET"]}}],"collection":[{"href":"https:\/\/compagniedeviation.com\/index.php?rest_route=\/wp\/v2\/pages"}],"about":[{"href":"https:\/\/compagniedeviation.com\/index.php?rest_route=\/wp\/v2\/types\/page"}],"author":[{"embeddable":true,"href":"https:\/\/compagniedeviation.com\/index.php?rest_route=\/wp\/v2\/users\/1"}],"replies":[{"embeddable":true,"href":"https:\/\/compagniedeviation.com\/index.php?rest_route=%2Fwp%2Fv2%2Fcomments&post=97"}],"version-history":[{"count":2,"href":"https:\/\/compagniedeviation.com\/index.php?rest_route=\/wp\/v2\/pages\/97\/revisions"}],"predecessor-version":[{"id":195,"href":"https:\/\/compagniedeviation.com\/index.php?rest_route=\/wp\/v2\/pages\/97\/revisions\/195"}],"wp:attachment":[{"href":"https:\/\/compagniedeviation.com\/index.php?rest_route=%2Fwp%2Fv2%2Fmedia&parent=97"}],"curies":[{"name":"wp","href":"https:\/\/api.w.org\/{rel}","templated":true}]}}